{"id":164,"date":"2012-09-18T23:40:34","date_gmt":"2012-09-19T02:40:34","guid":{"rendered":"http:\/\/www.24baires.com\/?page_id=164"},"modified":"2012-10-30T01:08:28","modified_gmt":"2012-10-30T04:08:28","slug":"webcams-bonaerenses","status":"publish","type":"page","link":"https:\/\/www.24baires.com\/?page_id=164","title":{"rendered":"Webcams Bonaerenses"},"content":{"rendered":"<p><strong><a href=\"http:\/\/www.24baires.com\/contacto\/\">Envianos la webcam de tu ciudad<\/a><\/strong><\/p>\n<table id=\"table1\" width=\"520\" border=\"0\">\n<tbody>\n<tr>\n<td align=\"center\" width=\"112\"><img data-recalc-dims=\"1\" loading=\"lazy\" decoding=\"async\" class=\"aligncenter size-full wp-image-203\" title=\"GESELL\" src=\"https:\/\/i0.wp.com\/www.24baires.com\/wp-content\/uploads\/2012\/09\/GESELL1.jpg?resize=112%2C75\" alt=\"\" width=\"112\" height=\"75\" \/><\/td>\n<td style=\"vertical-align: middle;\" width=\"270\">\u00a0Villa Gesell &#8211; Playa y Centro<\/td>\n<td style=\"vertical-align: middle;\" width=\"78\"><a href=\"http:\/\/www.gesell.com.ar\/08\/camara\/camara.html\" target=\"_blank\"><img data-recalc-dims=\"1\" loading=\"lazy\" decoding=\"async\" class=\"aligncenter size-full wp-image-204\" title=\"en vivo\" src=\"https:\/\/i0.wp.com\/www.24baires.com\/wp-content\/uploads\/2012\/09\/en-vivo.jpg?resize=78%2C30\" alt=\"\" width=\"78\" height=\"30\" \/><\/a><\/td>\n<td width=\"1\"><\/td>\n<\/tr>\n<\/tbody>\n<\/table>\n<table id=\"table1\" width=\"520\" border=\"0\">\n<tbody>\n<tr>\n<td align=\"center\" width=\"112\"><img data-recalc-dims=\"1\" loading=\"lazy\" decoding=\"async\" class=\"aligncenter size-full wp-image-205\" title=\"santa clara\" src=\"https:\/\/i0.wp.com\/www.24baires.com\/wp-content\/uploads\/2012\/09\/santa-clara.jpg?resize=112%2C75\" alt=\"\" width=\"112\" height=\"75\" \/><\/td>\n<td style=\"vertical-align: middle;\" width=\"270\">Santa Clara del Mar<\/td>\n<td style=\"vertical-align: middle;\" width=\"78\">\u00a0<a href=\"http:\/\/www.webcamsantaclara.com.ar\/\" target=\"_blank\"><img data-recalc-dims=\"1\" loading=\"lazy\" decoding=\"async\" class=\"aligncenter size-full wp-image-204\" title=\"en vivo\" src=\"https:\/\/i0.wp.com\/www.24baires.com\/wp-content\/uploads\/2012\/09\/en-vivo.jpg?resize=78%2C30\" alt=\"\" width=\"78\" height=\"30\" \/><\/a><\/td>\n<td width=\"1\"><\/td>\n<\/tr>\n<\/tbody>\n<\/table>\n<table id=\"table1\" width=\"520\" border=\"0\">\n<tbody>\n<tr>\n<td style=\"vertical-align: middle;\" align=\"center\" width=\"112\">\u00a0<img data-recalc-dims=\"1\" loading=\"lazy\" decoding=\"async\" class=\"aligncenter size-full wp-image-207\" title=\"MAR DEL PLATA\" src=\"https:\/\/i0.wp.com\/www.24baires.com\/wp-content\/uploads\/2012\/09\/MAR-DEL-PLATA.jpg?resize=112%2C75\" alt=\"\" width=\"112\" height=\"75\" \/><\/td>\n<td style=\"vertical-align: middle;\" width=\"270\">Mar del Plata &#8211; Varias C\u00e1maras<\/td>\n<td style=\"vertical-align: middle;\" width=\"78\">\u00a0<a href=\"http:\/\/www.mardelplatawebcam.com.ar\/\" target=\"_blank\"><img data-recalc-dims=\"1\" loading=\"lazy\" decoding=\"async\" class=\"aligncenter size-full wp-image-204\" title=\"en vivo\" src=\"https:\/\/i0.wp.com\/www.24baires.com\/wp-content\/uploads\/2012\/09\/en-vivo.jpg?resize=78%2C30\" alt=\"\" width=\"78\" height=\"30\" \/><\/a><\/td>\n<td width=\"1\"><\/td>\n<\/tr>\n<\/tbody>\n<\/table>\n<table id=\"table1\" width=\"520\" border=\"0\">\n<tbody>\n<tr>\n<td align=\"center\" width=\"112\">\u00a0<img data-recalc-dims=\"1\" loading=\"lazy\" decoding=\"async\" class=\"aligncenter size-full wp-image-209\" title=\"claromeco\" src=\"https:\/\/i0.wp.com\/www.24baires.com\/wp-content\/uploads\/2012\/09\/claromeco.jpg?resize=112%2C75\" alt=\"\" width=\"112\" height=\"75\" \/><\/td>\n<td style=\"vertical-align: middle;\" width=\"270\">\u00a0Balneario Claromec\u00f3 &#8211; Tres Arroyos<\/td>\n<td style=\"vertical-align: middle;\" width=\"78\">\u00a0<a href=\"http:\/\/camaraenclaromeco.com.ar\/index.html\" target=\"_blank\"><img data-recalc-dims=\"1\" loading=\"lazy\" decoding=\"async\" class=\"aligncenter size-full wp-image-210\" title=\"en vivo\" src=\"https:\/\/i0.wp.com\/www.24baires.com\/wp-content\/uploads\/2012\/09\/en-vivo1.jpg?resize=78%2C30\" alt=\"\" width=\"78\" height=\"30\" \/><\/a><\/td>\n<td width=\"1\"><\/td>\n<\/tr>\n<\/tbody>\n<\/table>\n<table id=\"table1\" width=\"520\" border=\"0\">\n<tbody>\n<tr>\n<td align=\"center\" width=\"112\">\u00a0<img data-recalc-dims=\"1\" loading=\"lazy\" decoding=\"async\" src=\"https:\/\/i0.wp.com\/guiaunicaco.web709.discountasp.net\/camara\/camara640x480.jpg?resize=110%2C83\" alt=\"\" width=\"110\" height=\"83\" \/><\/td>\n<td style=\"text-align: left;\" width=\"270\">\u00a0San Clemente del Tuy\u00fa<\/td>\n<td width=\"78\"><a href=\"http:\/\/www.sanclemente.com.ar\/camara\/\" target=\"_blank\"><img data-recalc-dims=\"1\" loading=\"lazy\" decoding=\"async\" class=\"aligncenter size-full wp-image-210\" title=\"en vivo\" src=\"https:\/\/i0.wp.com\/www.24baires.com\/wp-content\/uploads\/2012\/09\/en-vivo1.jpg?resize=78%2C30\" alt=\"\" width=\"78\" height=\"30\" \/><\/a><\/td>\n<td style=\"text-align: left;\" width=\"1\"><\/td>\n<\/tr>\n<\/tbody>\n<\/table>\n<table id=\"table1\" width=\"520\" border=\"0\">\n<tbody>\n<tr>\n<td align=\"center\" width=\"112\">\u00a0<img data-recalc-dims=\"1\" loading=\"lazy\" decoding=\"async\" src=\"https:\/\/i0.wp.com\/images.webcams.travel\/webcam\/1220868661.jpg?resize=106%2C59\" alt=\"Ir a la c\u00e1mara web Daireaux, Buenos Aires &quot;Los Bambinos&quot; en Am\u00e9rica del Sur \/ Argentina \/ Daireaux\" width=\"106\" height=\"59\" \/><\/td>\n<td style=\"text-align: left;\" width=\"270\">Localidad de Daireaux&nbsp;<\/td>\n<td width=\"78\"><a href=\"http:\/\/webcam.deroweb.com.ar\/\" target=\"_blank\"><img data-recalc-dims=\"1\" loading=\"lazy\" decoding=\"async\" class=\"aligncenter size-full wp-image-210\" title=\"en vivo\" src=\"https:\/\/i0.wp.com\/www.24baires.com\/wp-content\/uploads\/2012\/09\/en-vivo1.jpg?resize=78%2C30\" alt=\"\" width=\"78\" height=\"30\" \/><\/a><\/td>\n<td width=\"1\"><\/td>\n<\/tr>\n<\/tbody>\n<\/table>\n<table id=\"table1\" width=\"520\" border=\"0\">\n<tbody>\n<tr>\n<td align=\"center\" width=\"112\">\u00a0<img data-recalc-dims=\"1\" loading=\"lazy\" decoding=\"async\" src=\"https:\/\/i0.wp.com\/archive.webcams.travel\/daylight\/webcam\/1325260132.jpg?resize=109%2C88\" alt=\"Ir a la c\u00e1mara web Panamericana y 197 en Am\u00e9rica del Sur \/ Argentina \/ El Talar de Pacheco\" width=\"109\" height=\"88\" \/><\/td>\n<td width=\"270\">\u00a0Panamericana y 197<\/td>\n<td width=\"78\">\u00a0<a href=\"http:\/\/190.220.3.108:1059\/axis-cgi\/mjpg\/video.cgi?resolution=800x600&amp;dummy=1313101465136\" target=\"_blank\"><img data-recalc-dims=\"1\" loading=\"lazy\" decoding=\"async\" class=\"aligncenter size-full wp-image-210\" title=\"en vivo\" src=\"https:\/\/i0.wp.com\/www.24baires.com\/wp-content\/uploads\/2012\/09\/en-vivo1.jpg?resize=78%2C30\" alt=\"\" width=\"78\" height=\"30\" \/><\/a><\/td>\n<td width=\"1\"><\/td>\n<\/tr>\n<\/tbody>\n<\/table>\n<table id=\"table1\" width=\"520\" border=\"0\">\n<tbody>\n<tr>\n<td align=\"center\" width=\"112\"><\/td>\n<td width=\"270\"><\/td>\n<td width=\"78\"><\/td>\n<td width=\"1\"><\/td>\n<\/tr>\n<\/tbody>\n<\/table>\n<table id=\"table1\" width=\"520\" border=\"0\">\n<tbody>\n<tr>\n<td align=\"center\" width=\"112\"><\/td>\n<td width=\"270\"><\/td>\n<td width=\"78\"><\/td>\n<td width=\"1\"><\/td>\n<\/tr>\n<\/tbody>\n<\/table>\n<table id=\"table1\" width=\"520\" border=\"0\">\n<tbody>\n<tr>\n<td align=\"center\" width=\"112\"><\/td>\n<td width=\"270\"><\/td>\n<td width=\"78\"><\/td>\n<td width=\"1\"><\/td>\n<\/tr>\n<\/tbody>\n<\/table>\n<table id=\"table1\" width=\"520\" border=\"0\">\n<tbody>\n<tr>\n<td align=\"center\" width=\"112\"><\/td>\n<td width=\"270\"><\/td>\n<td width=\"78\"><\/td>\n<td width=\"1\"><\/td>\n<\/tr>\n<\/tbody>\n<\/table>\n<table id=\"table1\" width=\"520\" border=\"0\">\n<tbody>\n<tr>\n<td align=\"center\" width=\"112\"><\/td>\n<td width=\"270\"><\/td>\n<td width=\"78\"><\/td>\n<td width=\"1\"><\/td>\n<\/tr>\n<\/tbody>\n<\/table>\n<table id=\"table1\" width=\"520\" border=\"0\">\n<tbody>\n<tr>\n<td align=\"center\" width=\"112\"><\/td>\n<td width=\"270\"><\/td>\n<td width=\"78\"><\/td>\n<td width=\"1\"><\/td>\n<\/tr>\n<\/tbody>\n<\/table>\n<table id=\"table1\" width=\"520\" border=\"0\">\n<tbody>\n<tr>\n<td align=\"center\" width=\"112\"><\/td>\n<td width=\"270\"><\/td>\n<td width=\"78\"><\/td>\n<td width=\"1\"><\/td>\n<\/tr>\n<\/tbody>\n<\/table>\n<table id=\"table1\" width=\"520\" border=\"0\">\n<tbody>\n<tr>\n<td align=\"center\" width=\"112\"><\/td>\n<td width=\"270\"><\/td>\n<td width=\"78\"><\/td>\n<td width=\"1\"><\/td>\n<\/tr>\n<\/tbody>\n<\/table>\n<table id=\"table1\" width=\"520\" border=\"0\">\n<tbody>\n<tr>\n<td align=\"center\" width=\"112\"><\/td>\n<td width=\"270\"><\/td>\n<td width=\"78\"><\/td>\n<td width=\"1\"><\/td>\n<\/tr>\n<\/tbody>\n<\/table>\n<table id=\"table1\" width=\"520\" border=\"0\">\n<tbody>\n<tr>\n<td align=\"center\" width=\"112\"><\/td>\n<td width=\"270\"><\/td>\n<td width=\"78\"><\/td>\n<td width=\"1\"><\/td>\n<\/tr>\n<\/tbody>\n<\/table>\n<table id=\"table1\" width=\"520\" border=\"0\">\n<tbody>\n<tr>\n<td align=\"center\" width=\"112\"><\/td>\n<td width=\"270\"><\/td>\n<td width=\"78\"><\/td>\n<td width=\"1\"><\/td>\n<\/tr>\n<\/tbody>\n<\/table>\n","protected":false},"excerpt":{"rendered":"<p>Envianos la webcam de tu ciudad \u00a0Villa Gesell &#8211; Playa y Centro Santa Clara del Mar \u00a0 \u00a0 Mar del Plata &#8211; Varias C\u00e1maras \u00a0 \u00a0 \u00a0Balneario Claromec\u00f3 &#8211; Tres Arroyos \u00a0 \u00a0 \u00a0San Clemente del Tuy\u00fa \u00a0 Localidad de Daireaux&nbsp; \u00a0 \u00a0Panamericana y 197 \u00a0<\/p>\n","protected":false},"author":11,"featured_media":0,"parent":0,"menu_order":0,"comment_status":"closed","ping_status":"open","template":"webcams.php","meta":{"footnotes":""},"class_list":["post-164","page","type-page","status-publish","hentry"],"jetpack_shortlink":"https:\/\/wp.me\/P2JWE0-2E","jetpack-related-posts":[{"id":167,"url":"https:\/\/www.24baires.com\/?page_id=167","url_meta":{"origin":164,"position":0},"title":"Acerca de 24baires","author":"Grupo Sierra","date":"19\/09\/2012","format":false,"excerpt":"24baires.com\u00a0es un portal de noticias de la Provincia de Buenos Aires pero concebido con una filosof\u00eda inversa a la que nos tienen acostumbrados los medios digitales provinciales. Est\u00e1 pensado desde el interior y el conurbano, sin ignorar l\u00f3gicamente lo que ocurre en la capital provincial. La idea rectora es colaborar\u2026","rel":"","context":"Entrada similar","block_context":{"text":"Entrada similar","link":""},"img":{"alt_text":"","src":"https:\/\/i0.wp.com\/www.24baires.com\/wp-content\/uploads\/2012\/09\/mailto1.jpg?resize=350%2C200","width":350,"height":200},"classes":[]},{"id":161,"url":"https:\/\/www.24baires.com\/?page_id=161","url_meta":{"origin":164,"position":1},"title":"Radios Bonaerenses","author":"Grupo Sierra","date":"18\/09\/2012","format":false,"excerpt":"Agreg\u00e1 tu radio\u00a0\u00a0 \u00a0 \u00a0 \u00a0 \u00a0 \u00a0 \u00a0\u00a0\u00a0\u00a0\u00a0\u00a0\u00a0\u00a0\u00a0\u00a0\u00a0\u00a0\u00a0\u00a0\u00a0\u00a0\u00a0\u00a0\u00a0\u00a0\u00a0\u00a0\u00a0\u00a0 Powered By\u00a0\u00a0\u00a0 \u00a0 \u00a0\u00a0 Radio Madres | AM 530 (Buenos Aires) Radio Provincia | AM 1270 (Buenos Aires) FM 94.7, Bah\u00eda Blanca, (Buenos Aires) FM 95.5, Bah\u00eda Blanca, (Buenos Aires) FM 93.1, Bah\u00eda Blanca, (Buenos Aires) FM 96.5, Residencias, Mar del\u2026","rel":"","context":"Entrada similar","block_context":{"text":"Entrada similar","link":""},"img":{"alt_text":"Radios de Argentina","src":"https:\/\/i0.wp.com\/www.enlaradio.com.ar\/img\/elr_sign.png?resize=350%2C200","width":350,"height":200},"classes":[]}],"jetpack_sharing_enabled":true,"jetpack_likes_enabled":true,"_links":{"self":[{"href":"https:\/\/www.24baires.com\/index.php?rest_route=\/wp\/v2\/pages\/164","targetHints":{"allow":["GET"]}}],"collection":[{"href":"https:\/\/www.24baires.com\/index.php?rest_route=\/wp\/v2\/pages"}],"about":[{"href":"https:\/\/www.24baires.com\/index.php?rest_route=\/wp\/v2\/types\/page"}],"author":[{"embeddable":true,"href":"https:\/\/www.24baires.com\/index.php?rest_route=\/wp\/v2\/users\/11"}],"replies":[{"embeddable":true,"href":"https:\/\/www.24baires.com\/index.php?rest_route=%2Fwp%2Fv2%2Fcomments&post=164"}],"version-history":[{"count":3,"href":"https:\/\/www.24baires.com\/index.php?rest_route=\/wp\/v2\/pages\/164\/revisions"}],"predecessor-version":[{"id":3779,"href":"https:\/\/www.24baires.com\/index.php?rest_route=\/wp\/v2\/pages\/164\/revisions\/3779"}],"wp:attachment":[{"href":"https:\/\/www.24baires.com\/index.php?rest_route=%2Fwp%2Fv2%2Fmedia&parent=164"}],"curies":[{"name":"wp","href":"https:\/\/api.w.org\/{rel}","templated":true}]}}