{"id":155,"date":"2012-09-18T21:15:45","date_gmt":"2012-09-19T00:15:45","guid":{"rendered":"http:\/\/www.24baires.com\/?page_id=155"},"modified":"2012-11-29T21:36:29","modified_gmt":"2012-11-30T00:36:29","slug":"contacto","status":"publish","type":"page","link":"https:\/\/www.24baires.com\/?page_id=155","title":{"rendered":"Contacto"},"content":{"rendered":"<p>[contact-form-7 id=\u00bb157&#8243; title=\u00bbContacto\u00bb]<\/p>\n<p>&nbsp;<\/p>\n<p><strong>\u00a0 Gacetillas a :<\/strong><\/p>\n<p><a href=\"mailto: info@24baires.com\" target=\"_blank\"><img data-recalc-dims=\"1\" loading=\"lazy\" decoding=\"async\" title=\"mailto\" src=\"https:\/\/i0.wp.com\/www.24baires.com\/wp-content\/uploads\/2012\/09\/mailto1.jpg?resize=157%2C28\" alt=\"\" width=\"157\" height=\"28\" \/><\/a><\/p>\n","protected":false},"excerpt":{"rendered":"<p>[contact-form-7 id=\u00bb157&#8243; title=\u00bbContacto\u00bb] &nbsp; \u00a0 Gacetillas a :<\/p>\n","protected":false},"author":11,"featured_media":0,"parent":0,"menu_order":0,"comment_status":"closed","ping_status":"open","template":"","meta":{"footnotes":""},"class_list":["post-155","page","type-page","status-publish","hentry"],"jetpack_shortlink":"https:\/\/wp.me\/P2JWE0-2v","jetpack-related-posts":[{"id":167,"url":"https:\/\/www.24baires.com\/?page_id=167","url_meta":{"origin":155,"position":0},"title":"Acerca de 24baires","author":"Grupo Sierra","date":"19\/09\/2012","format":false,"excerpt":"24baires.com\u00a0es un portal de noticias de la Provincia de Buenos Aires pero concebido con una filosof\u00eda inversa a la que nos tienen acostumbrados los medios digitales provinciales. Est\u00e1 pensado desde el interior y el conurbano, sin ignorar l\u00f3gicamente lo que ocurre en la capital provincial. La idea rectora es colaborar\u2026","rel":"","context":"Entrada similar","block_context":{"text":"Entrada similar","link":""},"img":{"alt_text":"","src":"https:\/\/i0.wp.com\/www.24baires.com\/wp-content\/uploads\/2012\/09\/mailto1.jpg?resize=350%2C200","width":350,"height":200},"classes":[]}],"jetpack_sharing_enabled":false,"jetpack_likes_enabled":true,"_links":{"self":[{"href":"https:\/\/www.24baires.com\/index.php?rest_route=\/wp\/v2\/pages\/155","targetHints":{"allow":["GET"]}}],"collection":[{"href":"https:\/\/www.24baires.com\/index.php?rest_route=\/wp\/v2\/pages"}],"about":[{"href":"https:\/\/www.24baires.com\/index.php?rest_route=\/wp\/v2\/types\/page"}],"author":[{"embeddable":true,"href":"https:\/\/www.24baires.com\/index.php?rest_route=\/wp\/v2\/users\/11"}],"replies":[{"embeddable":true,"href":"https:\/\/www.24baires.com\/index.php?rest_route=%2Fwp%2Fv2%2Fcomments&post=155"}],"version-history":[{"count":3,"href":"https:\/\/www.24baires.com\/index.php?rest_route=\/wp\/v2\/pages\/155\/revisions"}],"predecessor-version":[{"id":7292,"href":"https:\/\/www.24baires.com\/index.php?rest_route=\/wp\/v2\/pages\/155\/revisions\/7292"}],"wp:attachment":[{"href":"https:\/\/www.24baires.com\/index.php?rest_route=%2Fwp%2Fv2%2Fmedia&parent=155"}],"curies":[{"name":"wp","href":"https:\/\/api.w.org\/{rel}","templated":true}]}}